{"id":13,"date":"2021-09-27T16:01:52","date_gmt":"2021-09-27T19:01:52","guid":{"rendered":"http:\/\/liliansantana.com.br\/?page_id=13"},"modified":"2021-09-27T16:09:12","modified_gmt":"2021-09-27T19:09:12","slug":"curriculo","status":"publish","type":"page","link":"http:\/\/liliansantana.com.br\/index.php\/curriculo\/","title":{"rendered":"Curr\u00edculo"},"content":{"rendered":"\n<p>Texto da p\u00e1gina<\/p>\n\n\n\n<p><\/p>\n\n\n\n<p>G<strong>raduada em Nutri\u00e7\u00e3o pelo Centro Universit\u00e1rio de Bras\u00edlia (2008-2012); <\/strong><\/p>\n\n\n\n<p><strong>Resid\u00eancia em Nutri\u00e7\u00e3o Cl\u00ednica Hospitalar (2013-2015);<\/strong> P\u00f3s-graduanda em Nutri\u00e7\u00e3o Cl\u00ednica Funcional (2015) **Experi\u00eancia Profissional: \u2023 Atendimento cl\u00ednico particular (2015 &#8211; 2016) &#8211; \u00c1reas de Atua\u00e7\u00e3o: Nutricionista Cl\u00ednica Ambulatorial. \u2023 IBRANUTRO (2015 &#8211; 2016) &#8211; \u00c1reas de Atua\u00e7\u00e3o: Nutricionista Cl\u00ednica Hospitalar. <\/p>\n\n\n\n<p><strong>Hospital de Base do Distrito Federal Resid\u00eancia de Nutri\u00e7\u00e3o Cl\u00ednica (2013 &#8211; 2015)<\/strong> <\/p>\n\n\n\n<p>\u00c1reas de Atua\u00e7\u00e3o: Cl\u00ednica M\u00e9dica, Oncologia, Hematologia, Pediatria, UTI (trauma, cir\u00fargica, pedi\u00e1trica, card\u00edaca e coron\u00e1ria), Equipe Multidisciplinar de Terapia Nutricional, Centro Neurocardiovascular. <\/p>\n\n\n\n<p><strong>Quartel-General do Ex\u00e9rcito &#8211; QG<\/strong><\/p>\n\n\n\n<p>Est\u00e1gio Supervisionado em Administra\u00e7\u00e3o de Unidades de Alimenta\u00e7\u00e3o e Nutri\u00e7\u00e3o (Abril 2012) \u2023Hospital de Base do Distrito Federal &#8211; HBDF Est\u00e1gio Supervisionado em Nutri\u00e7\u00e3o Cl\u00ednica Hospitalar (Maio 2012)<\/p>\n\n\n\n<p><strong>Centro de Atendimento Comunit\u00e1rio do UniCEUB &#8211; CAC<\/strong><\/p>\n\n\n\n<p>Est\u00e1gio Supervisionado em Nutri\u00e7\u00e3o Cl\u00ednica Ambulatorial (Maio 2012) \u2023<\/p>\n\n\n\n<p><strong>Conselho Nacional de Seguran\u00e7a Alimentar e Nutricional &#8211; CONSEA<\/strong><\/p>\n\n\n\n<p>Est\u00e1gio Supervisionado em Nutri\u00e7\u00e3o e Sa\u00fade P\u00fablica (Junho 2012) CONTATO: nutricionista@liliansantana.com.br \/ (61) 98197-0519<\/p>\n","protected":false},"excerpt":{"rendered":"<p>Texto da p\u00e1gina Graduada em Nutri\u00e7\u00e3o pelo Centro Universit\u00e1rio de Bras\u00edlia (2008-2012); Resid\u00eancia em Nutri\u00e7\u00e3o Cl\u00ednica Hospitalar (2013-2015); P\u00f3s-graduanda em Nutri\u00e7\u00e3o Cl\u00ednica <span><a class=\"read-more\" href=\"http:\/\/liliansantana.com.br\/index.php\/curriculo\/\">Read More<\/a><\/span><\/p>\n","protected":false},"author":1,"featured_media":19,"parent":0,"menu_order":0,"comment_status":"closed","ping_status":"closed","template":"","meta":{"footnotes":""},"class_list":["post-13","page","type-page","status-publish","has-post-thumbnail","hentry"],"_links":{"self":[{"href":"http:\/\/liliansantana.com.br\/index.php\/wp-json\/wp\/v2\/pages\/13"}],"collection":[{"href":"http:\/\/liliansantana.com.br\/index.php\/wp-json\/wp\/v2\/pages"}],"about":[{"href":"http:\/\/liliansantana.com.br\/index.php\/wp-json\/wp\/v2\/types\/page"}],"author":[{"embeddable":true,"href":"http:\/\/liliansantana.com.br\/index.php\/wp-json\/wp\/v2\/users\/1"}],"replies":[{"embeddable":true,"href":"http:\/\/liliansantana.com.br\/index.php\/wp-json\/wp\/v2\/comments?post=13"}],"version-history":[{"count":3,"href":"http:\/\/liliansantana.com.br\/index.php\/wp-json\/wp\/v2\/pages\/13\/revisions"}],"predecessor-version":[{"id":23,"href":"http:\/\/liliansantana.com.br\/index.php\/wp-json\/wp\/v2\/pages\/13\/revisions\/23"}],"wp:featuredmedia":[{"embeddable":true,"href":"http:\/\/liliansantana.com.br\/index.php\/wp-json\/wp\/v2\/media\/19"}],"wp:attachment":[{"href":"http:\/\/liliansantana.com.br\/index.php\/wp-json\/wp\/v2\/media?parent=13"}],"curies":[{"name":"wp","href":"https:\/\/api.w.org\/{rel}","templated":true}]}}